{"id":110,"date":"2023-08-07T09:55:26","date_gmt":"2023-08-07T07:55:26","guid":{"rendered":"http:\/\/www.lesappartsdugond.com\/index.php\/a-propos\/"},"modified":"2023-09-19T16:06:15","modified_gmt":"2023-09-19T14:06:15","slug":"a-propos","status":"publish","type":"page","link":"https:\/\/www.lesappartsdugond.com\/index.php\/a-propos\/","title":{"rendered":"\u00c0 propos"},"content":{"rendered":"\t\t<div data-elementor-type=\"wp-page\" data-elementor-id=\"110\" class=\"elementor elementor-110\" data-elementor-post-type=\"page\">\n\t\t\t\t\t\t\t\t\t<section class=\"elementor-section elementor-top-section elementor-element elementor-element-1e841cc9 elementor-section-height-min-height elementor-section-boxed elementor-section-height-default elementor-section-items-middle\" data-id=\"1e841cc9\" data-element_type=\"section\" data-settings=\"{&quot;background_background&quot;:&quot;slideshow&quot;,&quot;background_slideshow_gallery&quot;:[{&quot;id&quot;:271,&quot;url&quot;:&quot;https:\\\/\\\/www.lesappartsdugond.com\\\/wp-content\\\/uploads\\\/2023\\\/08\\\/iStock-622045208.jpg&quot;},{&quot;id&quot;:270,&quot;url&quot;:&quot;https:\\\/\\\/www.lesappartsdugond.com\\\/wp-content\\\/uploads\\\/2023\\\/08\\\/iStock-682696592.jpg&quot;},{&quot;id&quot;:269,&quot;url&quot;:&quot;https:\\\/\\\/www.lesappartsdugond.com\\\/wp-content\\\/uploads\\\/2023\\\/08\\\/iStock-535221717.jpg&quot;},{&quot;id&quot;:265,&quot;url&quot;:&quot;https:\\\/\\\/www.lesappartsdugond.com\\\/wp-content\\\/uploads\\\/2023\\\/08\\\/iStock-1389746807.jpg&quot;},{&quot;id&quot;:264,&quot;url&quot;:&quot;https:\\\/\\\/www.lesappartsdugond.com\\\/wp-content\\\/uploads\\\/2023\\\/08\\\/iStock-1397785952.jpg&quot;},{&quot;id&quot;:260,&quot;url&quot;:&quot;https:\\\/\\\/www.lesappartsdugond.com\\\/wp-content\\\/uploads\\\/2023\\\/08\\\/iStock-619770646-1.jpg&quot;},{&quot;id&quot;:255,&quot;url&quot;:&quot;https:\\\/\\\/www.lesappartsdugond.com\\\/wp-content\\\/uploads\\\/2023\\\/08\\\/iStock-683097412-1.jpg&quot;}],&quot;background_slideshow_ken_burns&quot;:&quot;yes&quot;,&quot;background_slideshow_loop&quot;:&quot;yes&quot;,&quot;background_slideshow_slide_duration&quot;:5000,&quot;background_slideshow_slide_transition&quot;:&quot;fade&quot;,&quot;background_slideshow_transition_duration&quot;:500,&quot;background_slideshow_ken_burns_zoom_direction&quot;:&quot;in&quot;}\">\n\t\t\t\t\t\t\t<div class=\"elementor-background-overlay\"><\/div>\n\t\t\t\t\t\t\t<div class=\"elementor-container elementor-column-gap-default\">\n\t\t\t\t\t<div class=\"elementor-column elementor-col-100 elementor-top-column elementor-element elementor-element-2f4050ab\" data-id=\"2f4050ab\" data-element_type=\"column\">\n\t\t\t<div class=\"elementor-widget-wrap elementor-element-populated\">\n\t\t\t\t\t\t\t\t<div class=\"elementor-element elementor-element-4bcdf6b9 elementor-widget elementor-widget-heading\" data-id=\"4bcdf6b9\" data-element_type=\"widget\" data-widget_type=\"heading.default\">\n\t\t\t\t<div class=\"elementor-widget-container\">\n\t\t\t<style>\/*! elementor - v3.15.0 - 02-08-2023 *\/\n.elementor-heading-title{padding:0;margin:0;line-height:1}.elementor-widget-heading .elementor-heading-title[class*=elementor-size-]>a{color:inherit;font-size:inherit;line-height:inherit}.elementor-widget-heading .elementor-heading-title.elementor-size-small{font-size:15px}.elementor-widget-heading .elementor-heading-title.elementor-size-medium{font-size:19px}.elementor-widget-heading .elementor-heading-title.elementor-size-large{font-size:29px}.elementor-widget-heading .elementor-heading-title.elementor-size-xl{font-size:39px}.elementor-widget-heading .elementor-heading-title.elementor-size-xxl{font-size:59px}<\/style><h1 class=\"elementor-heading-title elementor-size-default\">Des h\u00f4tes \u00e0 votre service<\/h1>\t\t<\/div>\n\t\t\t\t<\/div>\n\t\t\t\t<div class=\"elementor-element elementor-element-54b22392 elementor-widget elementor-widget-heading\" data-id=\"54b22392\" data-element_type=\"widget\" data-widget_type=\"heading.default\">\n\t\t\t\t<div class=\"elementor-widget-container\">\n\t\t\t<h2 class=\"elementor-heading-title elementor-size-default\">D\u00e9couvrez qui est derri\u00e8re Les Apparts Du Gond<\/h2>\t\t<\/div>\n\t\t\t\t<\/div>\n\t\t\t\t\t<\/div>\n\t\t<\/div>\n\t\t\t\t\t\t\t<\/div>\n\t\t<\/section>\n\t\t\t\t<section class=\"elementor-section elementor-top-section elementor-element elementor-element-4b6d0dff elementor-section-content-middle elementor-section-boxed elementor-section-height-default elementor-section-height-default\" data-id=\"4b6d0dff\" data-element_type=\"section\">\n\t\t\t\t\t\t<div class=\"elementor-container elementor-column-gap-no\">\n\t\t\t\t\t<div class=\"elementor-column elementor-col-50 elementor-top-column elementor-element elementor-element-34106e71\" data-id=\"34106e71\" data-element_type=\"column\">\n\t\t\t<div class=\"elementor-widget-wrap elementor-element-populated\">\n\t\t\t\t\t\t\t\t<div class=\"elementor-element elementor-element-6f551306 elementor-widget elementor-widget-image\" data-id=\"6f551306\" data-element_type=\"widget\" data-widget_type=\"image.default\">\n\t\t\t\t<div class=\"elementor-widget-container\">\n\t\t\t<style>\/*! elementor - v3.15.0 - 02-08-2023 *\/\n.elementor-widget-image{text-align:center}.elementor-widget-image a{display:inline-block}.elementor-widget-image a img[src$=\".svg\"]{width:48px}.elementor-widget-image img{vertical-align:middle;display:inline-block}<\/style>\t\t\t\t\t\t\t\t\t\t\t\t<img loading=\"lazy\" decoding=\"async\" width=\"2560\" height=\"1939\" src=\"https:\/\/www.lesappartsdugond.com\/wp-content\/uploads\/2023\/08\/Photos-AL-MD2-scaled.jpg\" class=\"attachment-full size-full wp-image-237\" alt=\"\" srcset=\"https:\/\/www.lesappartsdugond.com\/wp-content\/uploads\/2023\/08\/Photos-AL-MD2-scaled.jpg 2560w, https:\/\/www.lesappartsdugond.com\/wp-content\/uploads\/2023\/08\/Photos-AL-MD2-300x227.jpg 300w, https:\/\/www.lesappartsdugond.com\/wp-content\/uploads\/2023\/08\/Photos-AL-MD2-1024x776.jpg 1024w, https:\/\/www.lesappartsdugond.com\/wp-content\/uploads\/2023\/08\/Photos-AL-MD2-768x582.jpg 768w, https:\/\/www.lesappartsdugond.com\/wp-content\/uploads\/2023\/08\/Photos-AL-MD2-1536x1163.jpg 1536w, https:\/\/www.lesappartsdugond.com\/wp-content\/uploads\/2023\/08\/Photos-AL-MD2-2048x1551.jpg 2048w\" sizes=\"auto, (max-width: 2560px) 100vw, 2560px\" \/>\t\t\t\t\t\t\t\t\t\t\t\t\t\t\t<\/div>\n\t\t\t\t<\/div>\n\t\t\t\t\t<\/div>\n\t\t<\/div>\n\t\t\t\t<div class=\"elementor-column elementor-col-50 elementor-top-column elementor-element elementor-element-39e76e41\" data-id=\"39e76e41\" data-element_type=\"column\">\n\t\t\t<div class=\"elementor-widget-wrap elementor-element-populated\">\n\t\t\t\t\t\t\t\t<div class=\"elementor-element elementor-element-74ea061a elementor-widget elementor-widget-heading\" data-id=\"74ea061a\" data-element_type=\"widget\" data-widget_type=\"heading.default\">\n\t\t\t\t<div class=\"elementor-widget-container\">\n\t\t\t<h2 class=\"elementor-heading-title elementor-size-default\">Qui sommes-nous ?<\/h2>\t\t<\/div>\n\t\t\t\t<\/div>\n\t\t\t\t<div class=\"elementor-element elementor-element-7856109f elementor-widget elementor-widget-text-editor\" data-id=\"7856109f\" data-element_type=\"widget\" data-widget_type=\"text-editor.default\">\n\t\t\t\t<div class=\"elementor-widget-container\">\n\t\t\t<style>\/*! elementor - v3.15.0 - 02-08-2023 *\/\n.elementor-widget-text-editor.elementor-drop-cap-view-stacked .elementor-drop-cap{background-color:#69727d;color:#fff}.elementor-widget-text-editor.elementor-drop-cap-view-framed .elementor-drop-cap{color:#69727d;border:3px solid;background-color:transparent}.elementor-widget-text-editor:not(.elementor-drop-cap-view-default) .elementor-drop-cap{margin-top:8px}.elementor-widget-text-editor:not(.elementor-drop-cap-view-default) .elementor-drop-cap-letter{width:1em;height:1em}.elementor-widget-text-editor .elementor-drop-cap{float:left;text-align:center;line-height:1;font-size:50px}.elementor-widget-text-editor .elementor-drop-cap-letter{display:inline-block}<\/style>\t\t\t\t<p>Bonjour,<\/p><p>Nous sommes Anne-Lucie et Michel. Nous serons vos h\u00f4tes en esp\u00e9rant que vous puissiez passer le meilleur s\u00e9jour possible.<\/p><p>Nous sommes les heureux parents de 2 enfants et nous aimons bien imaginer et r\u00e9aliser l\u2019am\u00e9nagement et la d\u00e9coration des diff\u00e9rents appartements que nous mettons en location.<\/p><p>Nous avons \u00e0 coeur de proposer une bonne exp\u00e9rience \u00e0 des prix abordables.<\/p><p>N\u2019h\u00e9sitez pas \u00e0 nous faire part de vos suggestions si vous avez des id\u00e9es d\u2019am\u00e9lioration.<\/p><p>Nous vous souhaitons un excellent s\u00e9jour!<\/p><p>Anne-Lucie et Michel<\/p>\t\t\t\t\t\t<\/div>\n\t\t\t\t<\/div>\n\t\t\t\t\t<\/div>\n\t\t<\/div>\n\t\t\t\t\t\t\t<\/div>\n\t\t<\/section>\n\t\t\t\t<section class=\"elementor-section elementor-top-section elementor-element elementor-element-1631d812 elementor-section-boxed elementor-section-height-default elementor-section-height-default\" data-id=\"1631d812\" data-element_type=\"section\">\n\t\t\t\t\t\t<div class=\"elementor-container elementor-column-gap-default\">\n\t\t\t\t\t<div class=\"elementor-column elementor-col-100 elementor-top-column elementor-element elementor-element-7d5e9883\" data-id=\"7d5e9883\" data-element_type=\"column\" data-settings=\"{&quot;background_background&quot;:&quot;classic&quot;}\">\n\t\t\t<div class=\"elementor-widget-wrap elementor-element-populated\">\n\t\t\t\t\t\t\t\t<section class=\"elementor-section elementor-inner-section elementor-element elementor-element-1b691e14 elementor-section-boxed elementor-section-height-default elementor-section-height-default\" data-id=\"1b691e14\" data-element_type=\"section\">\n\t\t\t\t\t\t<div class=\"elementor-container elementor-column-gap-default\">\n\t\t\t\t\t<div class=\"elementor-column elementor-col-50 elementor-inner-column elementor-element elementor-element-3113c5be\" data-id=\"3113c5be\" data-element_type=\"column\">\n\t\t\t<div class=\"elementor-widget-wrap elementor-element-populated\">\n\t\t\t\t\t\t\t\t<div class=\"elementor-element elementor-element-6345b973 elementor-widget elementor-widget-heading\" data-id=\"6345b973\" data-element_type=\"widget\" data-widget_type=\"heading.default\">\n\t\t\t\t<div class=\"elementor-widget-container\">\n\t\t\t<h2 class=\"elementor-heading-title elementor-size-default\">Pr\u00eat \u00e0 passer un excellent s\u00e9jour ?<\/h2>\t\t<\/div>\n\t\t\t\t<\/div>\n\t\t\t\t\t<\/div>\n\t\t<\/div>\n\t\t\t\t<div class=\"elementor-column elementor-col-50 elementor-inner-column elementor-element elementor-element-5155d5c9\" data-id=\"5155d5c9\" data-element_type=\"column\">\n\t\t\t<div class=\"elementor-widget-wrap elementor-element-populated\">\n\t\t\t\t\t\t\t\t<div class=\"elementor-element elementor-element-458c15c4 elementor-align-center elementor-widget elementor-widget-button\" data-id=\"458c15c4\" data-element_type=\"widget\" data-widget_type=\"button.default\">\n\t\t\t\t<div class=\"elementor-widget-container\">\n\t\t\t\t\t<div class=\"elementor-button-wrapper\">\n\t\t\t<a class=\"elementor-button elementor-button-link elementor-size-lg elementor-animation-grow\" href=\"https:\/\/www.lesappartsdugond.com\/index.php\/reservation\/\">\n\t\t\t\t\t\t<span class=\"elementor-button-content-wrapper\">\n\t\t\t\t\t\t<span class=\"elementor-button-text\">R\u00e9server maintenant<\/span>\n\t\t<\/span>\n\t\t\t\t\t<\/a>\n\t\t<\/div>\n\t\t\t\t<\/div>\n\t\t\t\t<\/div>\n\t\t\t\t\t<\/div>\n\t\t<\/div>\n\t\t\t\t\t\t\t<\/div>\n\t\t<\/section>\n\t\t\t\t\t<\/div>\n\t\t<\/div>\n\t\t\t\t\t\t\t<\/div>\n\t\t<\/section>\n\t\t\t\t\t\t\t<\/div>\n\t\t","protected":false},"excerpt":{"rendered":"<p>Des h\u00f4tes \u00e0 votre service D\u00e9couvrez qui est derri\u00e8re Les Apparts Du Gond Qui sommes-nous ? Bonjour, Nous sommes Anne-Lucie et Michel. Nous serons vos h\u00f4tes en esp\u00e9rant que vous puissiez passer le meilleur s\u00e9jour possible. Nous sommes les heureux parents de 2 enfants et nous aimons bien imaginer et r\u00e9aliser l\u2019am\u00e9nagement et la d\u00e9coration [&hellip;]<\/p>\n","protected":false},"author":1,"featured_media":0,"parent":0,"menu_order":0,"comment_status":"closed","ping_status":"closed","template":"","meta":{"footnotes":""},"class_list":["post-110","page","type-page","status-publish","hentry"],"_links":{"self":[{"href":"https:\/\/www.lesappartsdugond.com\/index.php\/wp-json\/wp\/v2\/pages\/110","targetHints":{"allow":["GET"]}}],"collection":[{"href":"https:\/\/www.lesappartsdugond.com\/index.php\/wp-json\/wp\/v2\/pages"}],"about":[{"href":"https:\/\/www.lesappartsdugond.com\/index.php\/wp-json\/wp\/v2\/types\/page"}],"author":[{"embeddable":true,"href":"https:\/\/www.lesappartsdugond.com\/index.php\/wp-json\/wp\/v2\/users\/1"}],"replies":[{"embeddable":true,"href":"https:\/\/www.lesappartsdugond.com\/index.php\/wp-json\/wp\/v2\/comments?post=110"}],"version-history":[{"count":28,"href":"https:\/\/www.lesappartsdugond.com\/index.php\/wp-json\/wp\/v2\/pages\/110\/revisions"}],"predecessor-version":[{"id":409,"href":"https:\/\/www.lesappartsdugond.com\/index.php\/wp-json\/wp\/v2\/pages\/110\/revisions\/409"}],"wp:attachment":[{"href":"https:\/\/www.lesappartsdugond.com\/index.php\/wp-json\/wp\/v2\/media?parent=110"}],"curies":[{"name":"wp","href":"https:\/\/api.w.org\/{rel}","templated":true}]}}